{"id":84,"date":"2018-11-14T20:59:38","date_gmt":"2018-11-14T20:59:38","guid":{"rendered":"http:\/\/gesundheitspflege-langenberg.de\/?page_id=84"},"modified":"2018-11-19T08:31:39","modified_gmt":"2018-11-19T08:31:39","slug":"hot-stone-massage","status":"publish","type":"page","link":"https:\/\/gesundheitspflege-langenberg.de\/?page_id=84","title":{"rendered":"Hot Stone Massage"},"content":{"rendered":"<p>Die <strong>Warmsteinmassage<\/strong> ist eine sehr alte traditionelle Form der Massage. Basis sind die hei\u00dfen Steine, die auf ca. 55\u00b0C in warmem Wasser aufgeheizt werden. Hierbei handelt es sich um Basaltsteine, die aufgrund ihres vulkanischen Ursprungs die W\u00e4rme ausgezeichnet speichern k\u00f6nnen. W\u00e4rme geht immer mit einer Lockerung der Muskeln einher. Die W\u00e4rme der hei\u00dfen Steine verst\u00e4rkt die Wirkung der eigentlichen Massage, eine Tiefenentspannung ist der positive Nebeneffekt. Dabei kommen Sie in den Genuss wohlriechender Massage\u00f6le. Ein absolutes Muss ist die Ruhephase nach der Anwendung.<\/p>\n<p><img decoding=\"async\" loading=\"lazy\" class=\"alignnone wp-image-117\" src=\"http:\/\/gesundheitspflege-langenberg.de\/wp-content\/uploads\/2018\/11\/spa-3184610_1920-1024x683.jpg\" alt=\"Hot Stone Massage\" width=\"500\" height=\"333\" srcset=\"https:\/\/gesundheitspflege-langenberg.de\/wp-content\/uploads\/2018\/11\/spa-3184610_1920-1024x683.jpg 1024w, https:\/\/gesundheitspflege-langenberg.de\/wp-content\/uploads\/2018\/11\/spa-3184610_1920-300x200.jpg 300w, https:\/\/gesundheitspflege-langenberg.de\/wp-content\/uploads\/2018\/11\/spa-3184610_1920-768x512.jpg 768w, https:\/\/gesundheitspflege-langenberg.de\/wp-content\/uploads\/2018\/11\/spa-3184610_1920.jpg 1920w\" sizes=\"(max-width: 500px) 100vw, 500px\" \/><\/p>\n<p>Schwangere und Menschen mit Osteoporose, Bluthochdruck, mit Hautkrankheiten oder direkt nach einer Operation sollten Abstand von einer <strong>Hot Stone Massage<\/strong> nehmen. Wer unsicher ist, ob eine Warmsteinmassage f\u00fcr ihn geeignet ist, sollte R\u00fccksprache mit seinem Arzt halten.<\/p>\n","protected":false},"excerpt":{"rendered":"<p>Die Warmsteinmassage ist eine sehr alte traditionelle Form der Massage. Basis sind die hei\u00dfen Steine, die auf ca. 55\u00b0C in warmem Wasser aufgeheizt werden. Hierbei handelt es sich um Basaltsteine, die aufgrund ihres vulkanischen Ursprungs die W\u00e4rme ausgezeichnet speichern k\u00f6nnen. W\u00e4rme geht immer mit einer Lockerung der Muskeln einher. Die W\u00e4rme der hei\u00dfen Steine verst\u00e4rkt &hellip; <\/p>\n<p class=\"link-more\"><a href=\"https:\/\/gesundheitspflege-langenberg.de\/?page_id=84\" class=\"more-link\"><span class=\"screen-reader-text\">\u201eHot Stone Massage\u201c<\/span> weiterlesen<\/a><\/p>\n","protected":false},"author":1,"featured_media":0,"parent":0,"menu_order":0,"comment_status":"closed","ping_status":"closed","template":"","meta":[],"_links":{"self":[{"href":"https:\/\/gesundheitspflege-langenberg.de\/index.php?rest_route=\/wp\/v2\/pages\/84"}],"collection":[{"href":"https:\/\/gesundheitspflege-langenberg.de\/index.php?rest_route=\/wp\/v2\/pages"}],"about":[{"href":"https:\/\/gesundheitspflege-langenberg.de\/index.php?rest_route=\/wp\/v2\/types\/page"}],"author":[{"embeddable":true,"href":"https:\/\/gesundheitspflege-langenberg.de\/index.php?rest_route=\/wp\/v2\/users\/1"}],"replies":[{"embeddable":true,"href":"https:\/\/gesundheitspflege-langenberg.de\/index.php?rest_route=%2Fwp%2Fv2%2Fcomments&post=84"}],"version-history":[{"count":7,"href":"https:\/\/gesundheitspflege-langenberg.de\/index.php?rest_route=\/wp\/v2\/pages\/84\/revisions"}],"predecessor-version":[{"id":164,"href":"https:\/\/gesundheitspflege-langenberg.de\/index.php?rest_route=\/wp\/v2\/pages\/84\/revisions\/164"}],"wp:attachment":[{"href":"https:\/\/gesundheitspflege-langenberg.de\/index.php?rest_route=%2Fwp%2Fv2%2Fmedia&parent=84"}],"curies":[{"name":"wp","href":"https:\/\/api.w.org\/{rel}","templated":true}]}}