{"id":21,"date":"2018-11-14T12:30:20","date_gmt":"2018-11-14T12:30:20","guid":{"rendered":"http:\/\/gesundheitspflege-langenberg.de\/?page_id=21"},"modified":"2018-11-19T08:26:48","modified_gmt":"2018-11-19T08:26:48","slug":"entspannungsempuls","status":"publish","type":"page","link":"https:\/\/gesundheitspflege-langenberg.de\/?page_id=21","title":{"rendered":"Entspannungsimpuls"},"content":{"rendered":"<p>Kopfschmerzen, Schwindelgef\u00fchle, R\u00fcckenschmerzen, Nacken- und Schulterverspannungen k\u00f6nnen uns im Alltag schwer zu schaffen machen&#8230;<\/p>\n<p><img decoding=\"async\" loading=\"lazy\" class=\"alignnone wp-image-156\" src=\"http:\/\/gesundheitspflege-langenberg.de\/wp-content\/uploads\/2018\/11\/stone-316225_1280-1-1024x678.jpg\" alt=\"Entspannung\" width=\"500\" height=\"331\" srcset=\"https:\/\/gesundheitspflege-langenberg.de\/wp-content\/uploads\/2018\/11\/stone-316225_1280-1-1024x678.jpg 1024w, https:\/\/gesundheitspflege-langenberg.de\/wp-content\/uploads\/2018\/11\/stone-316225_1280-1-300x199.jpg 300w, https:\/\/gesundheitspflege-langenberg.de\/wp-content\/uploads\/2018\/11\/stone-316225_1280-1-768x508.jpg 768w, https:\/\/gesundheitspflege-langenberg.de\/wp-content\/uploads\/2018\/11\/stone-316225_1280-1.jpg 1280w\" sizes=\"(max-width: 500px) 100vw, 500px\" \/><\/p>\n<p>Oft sind einseitige Verspannungen in der Muskulatur der Grund daf\u00fcr. Ob eine Beinl\u00e4ngendifferenz besteht, die automatisch Folge dieser muskul\u00e4ren Dysbalance ist, l\u00e4sst\u00a0 sich mittels eines Beintestes feststellen. Der Entspannungsimpuls wird in Seitenlage nach einf\u00fchlsamer Palpation auf der seitlichen Halsmuskulatur mit\u00a0 den Daumen gesetzt. Danach schlie\u00dft sich eine 20 min\u00fctige Ruhephase an.<\/p>\n<p>Durch den Impuls wird ein Reiz im vegetativen Nervensystem ausgel\u00f6st, der eine Muskelentspannung im gesamten Organismus zur Folge hat.<\/p>\n","protected":false},"excerpt":{"rendered":"<p>Kopfschmerzen, Schwindelgef\u00fchle, R\u00fcckenschmerzen, Nacken- und Schulterverspannungen k\u00f6nnen uns im Alltag schwer zu schaffen machen&#8230; Oft sind einseitige Verspannungen in der Muskulatur der Grund daf\u00fcr. Ob eine Beinl\u00e4ngendifferenz besteht, die automatisch Folge dieser muskul\u00e4ren Dysbalance ist, l\u00e4sst\u00a0 sich mittels eines Beintestes feststellen. Der Entspannungsimpuls wird in Seitenlage nach einf\u00fchlsamer Palpation auf der seitlichen Halsmuskulatur mit\u00a0 den &hellip; <\/p>\n<p class=\"link-more\"><a href=\"https:\/\/gesundheitspflege-langenberg.de\/?page_id=21\" class=\"more-link\"><span class=\"screen-reader-text\">\u201eEntspannungsimpuls\u201c<\/span> weiterlesen<\/a><\/p>\n","protected":false},"author":1,"featured_media":0,"parent":0,"menu_order":0,"comment_status":"closed","ping_status":"closed","template":"","meta":[],"_links":{"self":[{"href":"https:\/\/gesundheitspflege-langenberg.de\/index.php?rest_route=\/wp\/v2\/pages\/21"}],"collection":[{"href":"https:\/\/gesundheitspflege-langenberg.de\/index.php?rest_route=\/wp\/v2\/pages"}],"about":[{"href":"https:\/\/gesundheitspflege-langenberg.de\/index.php?rest_route=\/wp\/v2\/types\/page"}],"author":[{"embeddable":true,"href":"https:\/\/gesundheitspflege-langenberg.de\/index.php?rest_route=\/wp\/v2\/users\/1"}],"replies":[{"embeddable":true,"href":"https:\/\/gesundheitspflege-langenberg.de\/index.php?rest_route=%2Fwp%2Fv2%2Fcomments&post=21"}],"version-history":[{"count":17,"href":"https:\/\/gesundheitspflege-langenberg.de\/index.php?rest_route=\/wp\/v2\/pages\/21\/revisions"}],"predecessor-version":[{"id":161,"href":"https:\/\/gesundheitspflege-langenberg.de\/index.php?rest_route=\/wp\/v2\/pages\/21\/revisions\/161"}],"wp:attachment":[{"href":"https:\/\/gesundheitspflege-langenberg.de\/index.php?rest_route=%2Fwp%2Fv2%2Fmedia&parent=21"}],"curies":[{"name":"wp","href":"https:\/\/api.w.org\/{rel}","templated":true}]}}