{"id":19,"date":"2018-11-14T12:29:54","date_gmt":"2018-11-14T12:29:54","guid":{"rendered":"http:\/\/gesundheitspflege-langenberg.de\/?page_id=19"},"modified":"2018-11-19T08:27:27","modified_gmt":"2018-11-19T08:27:27","slug":"home","status":"publish","type":"page","link":"https:\/\/gesundheitspflege-langenberg.de\/","title":{"rendered":"Home"},"content":{"rendered":"<p><i>&#8222;Alle Menschen tragen ihren eigenen Arzt in sich.<br \/>\nSie kommen zu uns, ohne diese Wahrheit zu kennen.<br \/>\nWir sind dann am erfolgreichsten, wenn wir dem Arzt,<br \/>\nder in jedem Menschen steckt, die Chance geben,<br \/>\nin Funktion zu treten.&#8220;<\/i><\/p>\n<p><em>So Dr. Albert Schweitzer vor fast 100 Jahren &#8230;<\/em><\/p>\n<p>&nbsp;<\/p>\n<p>Ich m\u00f6chte Sie dabei unterst\u00fctzen, diesen inneren Arzt zu entdecken!<br \/>\nGeben Sie Ihrem K\u00f6rper die Chance durch Ruhe und Entspannung die zur Verf\u00fcgung stehenden Ressourcen auszusch\u00f6pfen.<\/p>\n<p><b>Habe ich Ihr Interesse geweckt?<\/b><br \/>\nDann kontaktieren Sie mich gerne. In einem pers\u00f6nlichen Gespr\u00e4ch l\u00e4sst sich dann bestimmt die ein oder andere Frage kl\u00e4ren.<\/p>\n","protected":false},"excerpt":{"rendered":"<p>&#8222;Alle Menschen tragen ihren eigenen Arzt in sich. Sie kommen zu uns, ohne diese Wahrheit zu kennen. Wir sind dann am erfolgreichsten, wenn wir dem Arzt, der in jedem Menschen steckt, die Chance geben, in Funktion zu treten.&#8220; So Dr. Albert Schweitzer vor fast 100 Jahren &#8230; &nbsp; Ich m\u00f6chte Sie dabei unterst\u00fctzen, diesen inneren &hellip; <\/p>\n<p class=\"link-more\"><a href=\"https:\/\/gesundheitspflege-langenberg.de\/\" class=\"more-link\"><span class=\"screen-reader-text\">\u201eHome\u201c<\/span> weiterlesen<\/a><\/p>\n","protected":false},"author":1,"featured_media":0,"parent":0,"menu_order":0,"comment_status":"closed","ping_status":"closed","template":"","meta":[],"_links":{"self":[{"href":"https:\/\/gesundheitspflege-langenberg.de\/index.php?rest_route=\/wp\/v2\/pages\/19"}],"collection":[{"href":"https:\/\/gesundheitspflege-langenberg.de\/index.php?rest_route=\/wp\/v2\/pages"}],"about":[{"href":"https:\/\/gesundheitspflege-langenberg.de\/index.php?rest_route=\/wp\/v2\/types\/page"}],"author":[{"embeddable":true,"href":"https:\/\/gesundheitspflege-langenberg.de\/index.php?rest_route=\/wp\/v2\/users\/1"}],"replies":[{"embeddable":true,"href":"https:\/\/gesundheitspflege-langenberg.de\/index.php?rest_route=%2Fwp%2Fv2%2Fcomments&post=19"}],"version-history":[{"count":14,"href":"https:\/\/gesundheitspflege-langenberg.de\/index.php?rest_route=\/wp\/v2\/pages\/19\/revisions"}],"predecessor-version":[{"id":162,"href":"https:\/\/gesundheitspflege-langenberg.de\/index.php?rest_route=\/wp\/v2\/pages\/19\/revisions\/162"}],"wp:attachment":[{"href":"https:\/\/gesundheitspflege-langenberg.de\/index.php?rest_route=%2Fwp%2Fv2%2Fmedia&parent=19"}],"curies":[{"name":"wp","href":"https:\/\/api.w.org\/{rel}","templated":true}]}}