{"id":31,"date":"2018-11-14T12:33:32","date_gmt":"2018-11-14T12:33:32","guid":{"rendered":"http:\/\/gesundheitspflege-langenberg.de\/?page_id=31"},"modified":"2023-04-19T06:57:50","modified_gmt":"2023-04-19T06:57:50","slug":"vita","status":"publish","type":"page","link":"http:\/\/gesundheitspflege-langenberg.de\/?page_id=31","title":{"rendered":"Vita"},"content":{"rendered":"<p>Mein Name ist Marion L\u00fcckenotto und ich hei\u00dfe Sie in meiner <strong>Gesundheitspflegepraxis<\/strong> herzlich Willkommen.<\/p>\n<p><img decoding=\"async\" loading=\"lazy\" class=\"alignnone wp-image-105\" src=\"http:\/\/gesundheitspflege-langenberg.de\/wp-content\/uploads\/2018\/11\/WhatsApp-Image-2018-11-14-at-22.27.36-e1542267954602.jpeg\" alt=\"Marion L\u00fcckenotto\" width=\"500\" height=\"496\" srcset=\"http:\/\/gesundheitspflege-langenberg.de\/wp-content\/uploads\/2018\/11\/WhatsApp-Image-2018-11-14-at-22.27.36-e1542267954602.jpeg 608w, http:\/\/gesundheitspflege-langenberg.de\/wp-content\/uploads\/2018\/11\/WhatsApp-Image-2018-11-14-at-22.27.36-e1542267954602-150x150.jpeg 150w, http:\/\/gesundheitspflege-langenberg.de\/wp-content\/uploads\/2018\/11\/WhatsApp-Image-2018-11-14-at-22.27.36-e1542267954602-300x298.jpeg 300w, http:\/\/gesundheitspflege-langenberg.de\/wp-content\/uploads\/2018\/11\/WhatsApp-Image-2018-11-14-at-22.27.36-e1542267954602-100x100.jpeg 100w\" sizes=\"(max-width: 500px) 100vw, 500px\" \/><\/p>\n<h2>Berufliche Meilensteine:<\/h2>\n<p><strong>1984-1987<\/strong><br \/>\nMarienhospital Oelde, Krankenpflegeausbildung<\/p>\n<p><strong>1987-2000<\/strong><br \/>\nKlinikum G\u00fctersloh, Krankenschwester &amp; Mentorin<\/p>\n<p><strong>2002-2003<\/strong><br \/>\nWohnst\u00e4tte am Park Rheda-Wiedenbr\u00fcck, Gesundheitspflegerin im Nachtdienst<\/p>\n<p><strong>2004-2005<\/strong><br \/>\nBad Driburg, Vitametikausbildung<\/p>\n<p><strong>2005<\/strong><br \/>\nEr\u00f6ffnung Vitametikpraxis<\/p>\n<p><strong>2006-2015<\/strong><br \/>\nVHS Reckenberg-Ems Wiedenbr\u00fcck, Dozentin<\/p>\n<p><strong>2007-2009-2011<\/strong><br \/>\nGesundheitsmessen in Langenberg &#8222;Bewusst (sein) &#8211; bewusst leben &#8211; im Einklang mit sich und seiner Umwelt&#8220;, Organisatorin<\/p>\n<p><strong>2008<\/strong><br \/>\nGesundheitsnetzwerk Langenberg, Initiatorin<\/p>\n<p><strong>2013<\/strong><br \/>\nSelbsthilfe- und Gesundheitstage des Kreises in Langenberg, Mitorganisatorin<\/p>\n<p><strong>2013-2014<\/strong><br \/>\nOnkologische Praxis Oelde, Medizinische Fachangestellte<\/p>\n<p><strong>2014<\/strong><br \/>\nMedical Kinesiotaping, Seminar<\/p>\n<p><strong>2014-2015<\/strong><br \/>\nPallicare, Fachfortbildung<\/p>\n<p><strong>2014-2015<\/strong><br \/>\nDermatologische Praxis Oelde, Medizinische Fachangestellte<\/p>\n<p><strong>2015<\/strong><br \/>\nPalliativnetz G\u00fctersloh, Koordinatorin<\/p>\n<p><strong>2016<\/strong><br \/>\nWohngruppe f\u00fcr Demenzkranke G\u00fctersloh, Pflegekraft<\/p>\n<p><strong>Seit 2017<\/strong><br \/>\nStation\u00e4res Hospiz G\u00fctersloh, Palliativ Fachkraft<\/p>\n<p><strong>Seit 2018<\/strong><br \/>\nGesundheitspflegepraxis Langenberg<\/p>\n","protected":false},"excerpt":{"rendered":"<p>Mein Name ist Marion L\u00fcckenotto und ich hei\u00dfe Sie in meiner Gesundheitspflegepraxis herzlich Willkommen. Berufliche Meilensteine: 1984-1987 Marienhospital Oelde, Krankenpflegeausbildung 1987-2000 Klinikum G\u00fctersloh, Krankenschwester &amp; Mentorin 2002-2003 Wohnst\u00e4tte am Park Rheda-Wiedenbr\u00fcck, Gesundheitspflegerin im Nachtdienst 2004-2005 Bad Driburg, Vitametikausbildung 2005 Er\u00f6ffnung Vitametikpraxis 2006-2015 VHS Reckenberg-Ems Wiedenbr\u00fcck, Dozentin 2007-2009-2011 Gesundheitsmessen in Langenberg &#8222;Bewusst (sein) &#8211; bewusst leben &hellip; <\/p>\n<p class=\"link-more\"><a href=\"http:\/\/gesundheitspflege-langenberg.de\/?page_id=31\" class=\"more-link\"><span class=\"screen-reader-text\">\u201eVita\u201c<\/span> weiterlesen<\/a><\/p>\n","protected":false},"author":1,"featured_media":0,"parent":0,"menu_order":0,"comment_status":"closed","ping_status":"closed","template":"","meta":[],"_links":{"self":[{"href":"http:\/\/gesundheitspflege-langenberg.de\/index.php?rest_route=\/wp\/v2\/pages\/31"}],"collection":[{"href":"http:\/\/gesundheitspflege-langenberg.de\/index.php?rest_route=\/wp\/v2\/pages"}],"about":[{"href":"http:\/\/gesundheitspflege-langenberg.de\/index.php?rest_route=\/wp\/v2\/types\/page"}],"author":[{"embeddable":true,"href":"http:\/\/gesundheitspflege-langenberg.de\/index.php?rest_route=\/wp\/v2\/users\/1"}],"replies":[{"embeddable":true,"href":"http:\/\/gesundheitspflege-langenberg.de\/index.php?rest_route=%2Fwp%2Fv2%2Fcomments&post=31"}],"version-history":[{"count":21,"href":"http:\/\/gesundheitspflege-langenberg.de\/index.php?rest_route=\/wp\/v2\/pages\/31\/revisions"}],"predecessor-version":[{"id":168,"href":"http:\/\/gesundheitspflege-langenberg.de\/index.php?rest_route=\/wp\/v2\/pages\/31\/revisions\/168"}],"wp:attachment":[{"href":"http:\/\/gesundheitspflege-langenberg.de\/index.php?rest_route=%2Fwp%2Fv2%2Fmedia&parent=31"}],"curies":[{"name":"wp","href":"https:\/\/api.w.org\/{rel}","templated":true}]}}