{"id":25,"date":"2018-11-14T12:30:58","date_gmt":"2018-11-14T12:30:58","guid":{"rendered":"http:\/\/gesundheitspflege-langenberg.de\/?page_id=25"},"modified":"2018-11-19T08:33:31","modified_gmt":"2018-11-19T08:33:31","slug":"schroepfkopfmassage","status":"publish","type":"page","link":"http:\/\/gesundheitspflege-langenberg.de\/?page_id=25","title":{"rendered":"Schr\u00f6pfkopfmassage"},"content":{"rendered":"<p>Beim <strong>Schr\u00f6pfen<\/strong> wird mit einem Schr\u00f6pfkopf (Schr\u00f6pfglocke) \u00fcber den vorher einge\u00f6lten R\u00fccken gezogen. Dies erzeugt einen Unterdruck, wodurch die Haut in die Glocke gezogen wird. Dabei k\u00f6nnen kleine H\u00e4matome entstehen. Durch das Schr\u00f6pfen wird die Haut und das darunter liegende Gewebe gut durchblutet. Dies l\u00e4sst die Muskulatur besser mit N\u00e4hrstoffen versorgt werden und f\u00fchrt zu einer zunehmenden Entschlackung des Gewebes. Entspannung von Faszien und Muskulatur sind die angenehme Folge.<\/p>\n<p><img decoding=\"async\" loading=\"lazy\" class=\"alignnone wp-image-125\" src=\"http:\/\/gesundheitspflege-langenberg.de\/wp-content\/uploads\/2018\/11\/cupping-3310182_1920-1024x576.jpg\" alt=\"Schr\u00f6pfkopfmassage\" width=\"500\" height=\"281\" srcset=\"http:\/\/gesundheitspflege-langenberg.de\/wp-content\/uploads\/2018\/11\/cupping-3310182_1920-1024x576.jpg 1024w, http:\/\/gesundheitspflege-langenberg.de\/wp-content\/uploads\/2018\/11\/cupping-3310182_1920-300x169.jpg 300w, http:\/\/gesundheitspflege-langenberg.de\/wp-content\/uploads\/2018\/11\/cupping-3310182_1920-768x432.jpg 768w, http:\/\/gesundheitspflege-langenberg.de\/wp-content\/uploads\/2018\/11\/cupping-3310182_1920.jpg 1920w\" sizes=\"(max-width: 500px) 100vw, 500px\" \/><\/p>\n","protected":false},"excerpt":{"rendered":"<p>Beim Schr\u00f6pfen wird mit einem Schr\u00f6pfkopf (Schr\u00f6pfglocke) \u00fcber den vorher einge\u00f6lten R\u00fccken gezogen. Dies erzeugt einen Unterdruck, wodurch die Haut in die Glocke gezogen wird. Dabei k\u00f6nnen kleine H\u00e4matome entstehen. Durch das Schr\u00f6pfen wird die Haut und das darunter liegende Gewebe gut durchblutet. Dies l\u00e4sst die Muskulatur besser mit N\u00e4hrstoffen versorgt werden und f\u00fchrt zu &hellip; <\/p>\n<p class=\"link-more\"><a href=\"http:\/\/gesundheitspflege-langenberg.de\/?page_id=25\" class=\"more-link\"><span class=\"screen-reader-text\">\u201eSchr\u00f6pfkopfmassage\u201c<\/span> weiterlesen<\/a><\/p>\n","protected":false},"author":1,"featured_media":0,"parent":0,"menu_order":0,"comment_status":"closed","ping_status":"closed","template":"","meta":[],"_links":{"self":[{"href":"http:\/\/gesundheitspflege-langenberg.de\/index.php?rest_route=\/wp\/v2\/pages\/25"}],"collection":[{"href":"http:\/\/gesundheitspflege-langenberg.de\/index.php?rest_route=\/wp\/v2\/pages"}],"about":[{"href":"http:\/\/gesundheitspflege-langenberg.de\/index.php?rest_route=\/wp\/v2\/types\/page"}],"author":[{"embeddable":true,"href":"http:\/\/gesundheitspflege-langenberg.de\/index.php?rest_route=\/wp\/v2\/users\/1"}],"replies":[{"embeddable":true,"href":"http:\/\/gesundheitspflege-langenberg.de\/index.php?rest_route=%2Fwp%2Fv2%2Fcomments&post=25"}],"version-history":[{"count":6,"href":"http:\/\/gesundheitspflege-langenberg.de\/index.php?rest_route=\/wp\/v2\/pages\/25\/revisions"}],"predecessor-version":[{"id":165,"href":"http:\/\/gesundheitspflege-langenberg.de\/index.php?rest_route=\/wp\/v2\/pages\/25\/revisions\/165"}],"wp:attachment":[{"href":"http:\/\/gesundheitspflege-langenberg.de\/index.php?rest_route=%2Fwp%2Fv2%2Fmedia&parent=25"}],"curies":[{"name":"wp","href":"https:\/\/api.w.org\/{rel}","templated":true}]}}