{"id":23,"date":"2018-11-14T12:30:44","date_gmt":"2018-11-14T12:30:44","guid":{"rendered":"http:\/\/gesundheitspflege-langenberg.de\/?page_id=23"},"modified":"2018-11-19T08:32:31","modified_gmt":"2018-11-19T08:32:31","slug":"kinesio-taping","status":"publish","type":"page","link":"http:\/\/gesundheitspflege-langenberg.de\/?page_id=23","title":{"rendered":"Kinesio Taping"},"content":{"rendered":"<p>Diese Methode ist eine ganzheitliche, medikamentenfreie Therapie, die unterst\u00fctzend insbesondere bei R\u00fccken-und Gelenkschmerzen, Muskelverspannungen, Sehnenscheidenentz\u00fcndungen, Zerrungen und Muskelfaserrissen angewendet werden kann. Das elastische Pflaster, das durch seine hautfreundlichen und atmungsaktiven Eigenschaften besticht, wird so auf die betroffenen K\u00f6rperregionen aufgeklebt, dass es Sie nicht in Ihrer Bewegungsfreiheit einschr\u00e4nkt. Durch den stetigen Wechsel von Zug und Druck wirkt es stoffwechselanregend und schmerzlindernd. Blut-und Lymphfluss werden zudem angeregt.<\/p>\n<p><img decoding=\"async\" loading=\"lazy\" class=\"alignnone wp-image-152\" src=\"http:\/\/gesundheitspflege-langenberg.de\/wp-content\/uploads\/2018\/11\/kinesio.jpg\" alt=\"kinesio\" width=\"500\" height=\"638\" srcset=\"http:\/\/gesundheitspflege-langenberg.de\/wp-content\/uploads\/2018\/11\/kinesio.jpg 728w, http:\/\/gesundheitspflege-langenberg.de\/wp-content\/uploads\/2018\/11\/kinesio-235x300.jpg 235w\" sizes=\"(max-width: 500px) 100vw, 500px\" \/><\/p>\n<p>Diese Methode geht auf den Chiropraktiker und Kinesiologen Dr. Kenzo Kase zur\u00fcck, der bereits vor 30 Jahren diese Art der alternativen Therapiem\u00f6glichkeit entdeckte.<\/p>\n","protected":false},"excerpt":{"rendered":"<p>Diese Methode ist eine ganzheitliche, medikamentenfreie Therapie, die unterst\u00fctzend insbesondere bei R\u00fccken-und Gelenkschmerzen, Muskelverspannungen, Sehnenscheidenentz\u00fcndungen, Zerrungen und Muskelfaserrissen angewendet werden kann. Das elastische Pflaster, das durch seine hautfreundlichen und atmungsaktiven Eigenschaften besticht, wird so auf die betroffenen K\u00f6rperregionen aufgeklebt, dass es Sie nicht in Ihrer Bewegungsfreiheit einschr\u00e4nkt. Durch den stetigen Wechsel von Zug und Druck &hellip; <\/p>\n<p class=\"link-more\"><a href=\"http:\/\/gesundheitspflege-langenberg.de\/?page_id=23\" class=\"more-link\"><span class=\"screen-reader-text\">\u201eKinesio Taping\u201c<\/span> weiterlesen<\/a><\/p>\n","protected":false},"author":1,"featured_media":0,"parent":0,"menu_order":0,"comment_status":"closed","ping_status":"closed","template":"","meta":[],"_links":{"self":[{"href":"http:\/\/gesundheitspflege-langenberg.de\/index.php?rest_route=\/wp\/v2\/pages\/23"}],"collection":[{"href":"http:\/\/gesundheitspflege-langenberg.de\/index.php?rest_route=\/wp\/v2\/pages"}],"about":[{"href":"http:\/\/gesundheitspflege-langenberg.de\/index.php?rest_route=\/wp\/v2\/types\/page"}],"author":[{"embeddable":true,"href":"http:\/\/gesundheitspflege-langenberg.de\/index.php?rest_route=\/wp\/v2\/users\/1"}],"replies":[{"embeddable":true,"href":"http:\/\/gesundheitspflege-langenberg.de\/index.php?rest_route=%2Fwp%2Fv2%2Fcomments&post=23"}],"version-history":[{"count":18,"href":"http:\/\/gesundheitspflege-langenberg.de\/index.php?rest_route=\/wp\/v2\/pages\/23\/revisions"}],"predecessor-version":[{"id":153,"href":"http:\/\/gesundheitspflege-langenberg.de\/index.php?rest_route=\/wp\/v2\/pages\/23\/revisions\/153"}],"wp:attachment":[{"href":"http:\/\/gesundheitspflege-langenberg.de\/index.php?rest_route=%2Fwp%2Fv2%2Fmedia&parent=23"}],"curies":[{"name":"wp","href":"https:\/\/api.w.org\/{rel}","templated":true}]}}